{"id":138,"date":"2025-02-22T16:28:20","date_gmt":"2025-02-22T16:28:20","guid":{"rendered":"http:\/\/www.virta-apua.fi\/?page_id=138"},"modified":"2025-02-23T13:19:22","modified_gmt":"2025-02-23T13:19:22","slug":"taas-uusi-minusta","status":"publish","type":"page","link":"http:\/\/www.virta-apua.fi\/index.php\/taas-uusi-minusta\/","title":{"rendered":""},"content":{"rendered":"\n<div class=\"wp-block-group alignfull has-global-padding is-layout-constrained wp-block-group-is-layout-constrained\" style=\"margin-top:0;margin-bottom:0\">\n<div class=\"wp-block-columns alignwide is-layout-flex wp-container-core-columns-is-layout-1 wp-block-columns-is-layout-flex\">\n<div class=\"wp-block-column is-layout-flow wp-block-column-is-layout-flow\" style=\"flex-basis:66.66%\">\n<div class=\"wp-block-query is-layout-flow wp-block-query-is-layout-flow\">\n<p>Morjensta,<\/p>\n\n\n<div class=\"wp-block-query-no-results\">\n\n<p class=\"has-text-align-left\">Ty\u00f6el\u00e4m\u00e4ss\u00e4 olen ollut yli 20 vuotta ja osaamista kartuttanut useiden teht\u00e4vien parissa.<\/p>\n\n\n\n<ul class=\"wp-block-list\">\n<li>Ty\u00f6teht\u00e4v\u00e4t:\n<ul class=\"wp-block-list\">\n<li>Myyntijohtaja, Liiketoiminnan kehitysp\u00e4\u00e4llikk\u00f6, Myyntip\u00e4\u00e4llikk\u00f6, Tarjouslaskenta-p\u00e4\u00e4llikk\u00f6, Asiakkuusp\u00e4\u00e4llikk\u00f6, Projektinhoitaja, Tarjouslaskija, Asentaja<\/li>\n<\/ul>\n<\/li>\n\n\n\n<li>Ty\u00f6nantajat:\n<ul class=\"wp-block-list\">\n<li>Puuha Group, Granlund, Enerz, Caverion Suomi, YIT Kiinteist\u00f6tekniikka, YIT Teol-lisuus- ja verkkopalvelut, YIT Service, ARE, Instrumenttiteknikot, Turku Energia<\/li>\n<\/ul>\n<\/li>\n\n\n\n<li>Persoonana ja ty\u00f6ntekij\u00e4n\u00e4 olen:\n<ul class=\"wp-block-list\">\n<li>avoin, aktiivinen, sosiaalinen, positiivinen, luotettava, rehellinen ja helposti l\u00e4hestytt\u00e4v\u00e4 joukkuepelaaja, joka viihtyy ihmisten parissa<\/li>\n\n\n\n<li>ammattimainen ammattilainen, ty\u00f6lleen omistautuva, asioista selv\u00e4\u00e4 ottava, vakuuttavan ulosannin omaava, neuvottelutaitoinen, myyntihenkinen sek\u00e4 projekti- ja palveluliiketoiminnan osaaja<\/li>\n\n\n\n<li>idearikas sparraaja, p\u00e4\u00e4t\u00f6ksentekokykyinen, ratkaisukeskeinen, osallistava ja oikeudenmukainen esihenkil\u00f6<\/li>\n<\/ul>\n<\/li>\n\n\n\n<li>Tarkemmat tiedot ty\u00f6teht\u00e4vist\u00e4 l\u00f6ytyv\u00e4t: <a href=\"https:\/\/www.linkedin.com\/in\/tuomasvirta\/\">https:\/\/www.linkedin.com\/in\/tuomasvirta\/<\/a><\/li>\n<\/ul>\n\n<\/div><\/div>\n<\/div>\n\n\n\n<div class=\"wp-block-column is-layout-flow wp-block-column-is-layout-flow\" style=\"flex-basis:33.33%\">\n<figure class=\"wp-block-image size-large\"><img loading=\"lazy\" decoding=\"async\" width=\"732\" height=\"1024\" src=\"http:\/\/www.virta-apua.fi\/wp-content\/uploads\/2025\/02\/Tuomas-Virta_Valokuva-732x1024.jpg\" alt=\"\" class=\"wp-image-17\" srcset=\"http:\/\/www.virta-apua.fi\/wp-content\/uploads\/2025\/02\/Tuomas-Virta_Valokuva-732x1024.jpg 732w, http:\/\/www.virta-apua.fi\/wp-content\/uploads\/2025\/02\/Tuomas-Virta_Valokuva-214x300.jpg 214w, http:\/\/www.virta-apua.fi\/wp-content\/uploads\/2025\/02\/Tuomas-Virta_Valokuva-768x1075.jpg 768w, http:\/\/www.virta-apua.fi\/wp-content\/uploads\/2025\/02\/Tuomas-Virta_Valokuva-1097x1536.jpg 1097w, http:\/\/www.virta-apua.fi\/wp-content\/uploads\/2025\/02\/Tuomas-Virta_Valokuva-1463x2048.jpg 1463w, http:\/\/www.virta-apua.fi\/wp-content\/uploads\/2025\/02\/Tuomas-Virta_Valokuva-scaled.jpg 1829w\" sizes=\"auto, (max-width: 732px) 100vw, 732px\" \/><\/figure>\n<\/div>\n<\/div>\n<\/div>\n\n\n\n<div class=\"wp-block-group alignfull has-global-padding is-layout-constrained wp-block-group-is-layout-constrained\" style=\"margin-top:0;margin-bottom:0\">\n<div class=\"wp-block-query alignwide is-layout-flow wp-block-query-is-layout-flow\"><div class=\"wp-block-query-no-results\">\n\n<p class=\"has-text-align-center\">Aivan t\u00e4ydellinen ei t\u00e4m\u00e4k\u00e4\u00e4n paketti ole, sill\u00e4 parannettavaa minulta l\u00f6ytyy kielitaidossa. Kouluissa on tullut opiskeltua ruotsia ja englantia, mutta aikuisi\u00e4ll\u00e4 on taidot p\u00e4\u00e4sseet pahasti ruostumaan, ainakin puheen tuottamisen osalta. Kielitaitoani voisin kuvailla seuraavasti: Ruotsi, alkeet ja Englanti, tyydytt\u00e4v\u00e4.<\/p>\n\n\n\n<p class=\"has-text-align-center\">Monenlaista on siis tullut ty\u00f6el\u00e4m\u00e4n varrella tehty\u00e4 ja koettua, mutta onneksi aikaa on kuitenkin j\u00e4\u00e4nyt my\u00f6s perhe-el\u00e4m\u00e4lle sek\u00e4 harrastuksille. Vapaa-aikaani viet\u00e4n eritt\u00e4in mielell\u00e4ni m\u00f6kkimaisemissa kalastelemassa sek\u00e4 padelin, golfin ja j\u00e4\u00e4kiekon parissa.<\/p>\n\n\n\n<p class=\"has-text-align-center\">Kaikki teht\u00e4v\u00e4t miss\u00e4 kykenisin hy\u00f6dynt\u00e4m\u00e4\u00e4n olemassa olevaa osaamistani kiinnostavat jatkossakin, mutta toisaalta nyt voisi olla paikka kokeilla my\u00f6s jotakin aivan uuttakin alaa ja toimenkuvaa, eli vakavassa harkinnassa on my\u00f6s t\u00e4ydellinen urak\u00e4\u00e4nn\u00f6s. Tarkemmin tietoa, mit\u00e4 voisin seuraavaksi tehd\u00e4, l\u00f6ytyy : <a href=\"http:\/\/www.virta-apua.fi\/index.php\/ylavirta\/\" data-type=\"page\" data-id=\"54\">P\u00e4\u00e4Virta<\/a>, <a href=\"http:\/\/www.virta-apua.fi\/index.php\/varavirta\/\" data-type=\"page\" data-id=\"66\">VaraVirta<\/a> ja <a href=\"http:\/\/www.virta-apua.fi\/index.php\/apuvirta\/\" data-type=\"page\" data-id=\"70\">ApuVirta<\/a><\/p>\n\n\n\n<p><\/p>\n\n<\/div><\/div>\n\n\n\n<div style=\"height:var(--wp--preset--spacing--30)\" aria-hidden=\"true\" class=\"wp-block-spacer\"><\/div>\n<\/div>\n\n\n\n<p><\/p>\n","protected":false},"excerpt":{"rendered":"","protected":false},"author":1,"featured_media":0,"parent":0,"menu_order":0,"comment_status":"closed","ping_status":"closed","template":"","meta":{"footnotes":""},"class_list":["post-138","page","type-page","status-publish","hentry"],"_links":{"self":[{"href":"http:\/\/www.virta-apua.fi\/index.php\/wp-json\/wp\/v2\/pages\/138","targetHints":{"allow":["GET"]}}],"collection":[{"href":"http:\/\/www.virta-apua.fi\/index.php\/wp-json\/wp\/v2\/pages"}],"about":[{"href":"http:\/\/www.virta-apua.fi\/index.php\/wp-json\/wp\/v2\/types\/page"}],"author":[{"embeddable":true,"href":"http:\/\/www.virta-apua.fi\/index.php\/wp-json\/wp\/v2\/users\/1"}],"replies":[{"embeddable":true,"href":"http:\/\/www.virta-apua.fi\/index.php\/wp-json\/wp\/v2\/comments?post=138"}],"version-history":[{"count":30,"href":"http:\/\/www.virta-apua.fi\/index.php\/wp-json\/wp\/v2\/pages\/138\/revisions"}],"predecessor-version":[{"id":193,"href":"http:\/\/www.virta-apua.fi\/index.php\/wp-json\/wp\/v2\/pages\/138\/revisions\/193"}],"wp:attachment":[{"href":"http:\/\/www.virta-apua.fi\/index.php\/wp-json\/wp\/v2\/media?parent=138"}],"curies":[{"name":"wp","href":"https:\/\/api.w.org\/{rel}","templated":true}]}}