{"id":54,"date":"2025-02-22T11:59:14","date_gmt":"2025-02-22T11:59:14","guid":{"rendered":"http:\/\/www.virta-apua.fi\/?page_id=54"},"modified":"2025-02-23T13:21:34","modified_gmt":"2025-02-23T13:21:34","slug":"ylavirta","status":"publish","type":"page","link":"http:\/\/www.virta-apua.fi\/index.php\/ylavirta\/","title":{"rendered":""},"content":{"rendered":"\n<h1 class=\"wp-block-heading has-text-align-center\">P\u00e4\u00e4Virta<\/h1>\n\n\n\n<p class=\"has-text-align-center\">P\u00e4\u00e4tavoitteeni<\/p>\n\n\n\n<p class=\"has-text-align-center\">Asustelen Turussa ja l\u00e4ht\u00f6kohtaisesti palveluni on tarjolla Varsinais-Suomen alueella, mutta my\u00f6s muualta Suomesta esille nousevat mahdollisuudet otetaan vakavasti harkintaan.<\/p>\n","protected":false},"excerpt":{"rendered":"<p>P\u00e4\u00e4Virta P\u00e4\u00e4tavoitteeni Asustelen Turussa ja l\u00e4ht\u00f6kohtaisesti palveluni on tarjolla Varsinais-Suomen alueella, mutta my\u00f6s muualta Suomesta esille nousevat mahdollisuudet otetaan vakavasti harkintaan.<\/p>\n","protected":false},"author":1,"featured_media":0,"parent":0,"menu_order":0,"comment_status":"closed","ping_status":"closed","template":"","meta":{"footnotes":""},"class_list":["post-54","page","type-page","status-publish","hentry"],"_links":{"self":[{"href":"http:\/\/www.virta-apua.fi\/index.php\/wp-json\/wp\/v2\/pages\/54","targetHints":{"allow":["GET"]}}],"collection":[{"href":"http:\/\/www.virta-apua.fi\/index.php\/wp-json\/wp\/v2\/pages"}],"about":[{"href":"http:\/\/www.virta-apua.fi\/index.php\/wp-json\/wp\/v2\/types\/page"}],"author":[{"embeddable":true,"href":"http:\/\/www.virta-apua.fi\/index.php\/wp-json\/wp\/v2\/users\/1"}],"replies":[{"embeddable":true,"href":"http:\/\/www.virta-apua.fi\/index.php\/wp-json\/wp\/v2\/comments?post=54"}],"version-history":[{"count":5,"href":"http:\/\/www.virta-apua.fi\/index.php\/wp-json\/wp\/v2\/pages\/54\/revisions"}],"predecessor-version":[{"id":194,"href":"http:\/\/www.virta-apua.fi\/index.php\/wp-json\/wp\/v2\/pages\/54\/revisions\/194"}],"wp:attachment":[{"href":"http:\/\/www.virta-apua.fi\/index.php\/wp-json\/wp\/v2\/media?parent=54"}],"curies":[{"name":"wp","href":"https:\/\/api.w.org\/{rel}","templated":true}]}}